{"id":62,"date":"2025-11-17T04:19:53","date_gmt":"2025-11-17T04:19:53","guid":{"rendered":"https:\/\/xs88.vin\/?page_id=62"},"modified":"2025-11-17T04:53:53","modified_gmt":"2025-11-17T04:53:53","slug":"trang-chu","status":"publish","type":"page","link":"https:\/\/xs88.vin\/","title":{"rendered":"Trang Ch\u1ee7"},"content":{"rendered":"<div class=\"row align-center\"  id=\"row-184708682\">\n\n\t<div id=\"col-257868174\" class=\"col small-12 large-12\"  >\n\t\t\t\t<div class=\"col-inner\"  >\n\t\t\t\n\t\t\t\n<div class=\"slider-wrapper relative\" id=\"slider-2011059818\" >\n    <div class=\"slider slider-nav-circle slider-nav-large slider-nav-light slider-style-normal\"\n        data-flickity-options='{\n            \"cellAlign\": \"center\",\n            \"imagesLoaded\": true,\n            \"lazyLoad\": 1,\n            \"freeScroll\": false,\n            \"wrapAround\": true,\n            \"autoPlay\": 1000,\n            \"pauseAutoPlayOnHover\" : true,\n            \"prevNextButtons\": true,\n            \"contain\" : true,\n            \"adaptiveHeight\" : true,\n            \"dragThreshold\" : 10,\n            \"percentPosition\": true,\n            \"pageDots\": true,\n            \"rightToLeft\": false,\n            \"draggable\": true,\n            \"selectedAttraction\": 0.1,\n            \"parallax\" : 0,\n            \"friction\": 0.6        }'\n        >\n        \n\t<div class=\"img has-hover x md-x lg-x y md-y lg-y\" id=\"image_1674752923\">\n\t\t<a class=\"\" href=\"https:\/\/xs88.vin\/dk\" target=\"_blank\" rel=\"noopener\" >\t\t\t\t\t\t<div class=\"img-inner dark\" >\n\t\t\t<img loading=\"lazy\" decoding=\"async\" width=\"1920\" height=\"600\" src=\"https:\/\/xs88.vin\/wp-content\/uploads\/2025\/11\/XS88-Thuong-100_.webp\" class=\"attachment-original size-original\" alt=\"\" srcset=\"https:\/\/xs88.vin\/wp-content\/uploads\/2025\/11\/XS88-Thuong-100_.webp 1920w, https:\/\/xs88.vin\/wp-content\/uploads\/2025\/11\/XS88-Thuong-100_-300x94.webp 300w, https:\/\/xs88.vin\/wp-content\/uploads\/2025\/11\/XS88-Thuong-100_-1024x320.webp 1024w, https:\/\/xs88.vin\/wp-content\/uploads\/2025\/11\/XS88-Thuong-100_-768x240.webp 768w, https:\/\/xs88.vin\/wp-content\/uploads\/2025\/11\/XS88-Thuong-100_-1536x480.webp 1536w\" sizes=\"auto, (max-width: 1920px) 100vw, 1920px\" \/>\t\t\t\t\t\t\n\t\t\t\t\t<\/div>\n\t\t\t\t\t\t<\/a>\t\t\n<style>\n#image_1674752923 {\n  width: 100%;\n}\n<\/style>\n\t<\/div>\n\t\n\t<div class=\"img has-hover x md-x lg-x y md-y lg-y\" id=\"image_683989893\">\n\t\t<a class=\"\" href=\"https:\/\/xs88.vin\/dk\" target=\"_blank\" rel=\"noopener\" >\t\t\t\t\t\t<div class=\"img-inner dark\" >\n\t\t\t<img loading=\"lazy\" decoding=\"async\" width=\"1281\" height=\"830\" src=\"https:\/\/xs88.vin\/wp-content\/uploads\/2025\/11\/App-Xs88.png\" class=\"attachment-original size-original\" alt=\"\" srcset=\"https:\/\/xs88.vin\/wp-content\/uploads\/2025\/11\/App-Xs88.png 1281w, https:\/\/xs88.vin\/wp-content\/uploads\/2025\/11\/App-Xs88-300x194.png 300w, https:\/\/xs88.vin\/wp-content\/uploads\/2025\/11\/App-Xs88-1024x663.png 1024w, https:\/\/xs88.vin\/wp-content\/uploads\/2025\/11\/App-Xs88-768x498.png 768w\" sizes=\"auto, (max-width: 1281px) 100vw, 1281px\" \/>\t\t\t\t\t\t\n\t\t\t\t\t<\/div>\n\t\t\t\t\t\t<\/a>\t\t\n<style>\n#image_683989893 {\n  width: 100%;\n}\n<\/style>\n\t<\/div>\n\t\n\t<div class=\"img has-hover x md-x lg-x y md-y lg-y\" id=\"image_942817534\">\n\t\t<a class=\"\" href=\"https:\/\/xs88.vin\/dk\" target=\"_blank\" rel=\"noopener\" >\t\t\t\t\t\t<div class=\"img-inner dark\" >\n\t\t\t<img loading=\"lazy\" decoding=\"async\" width=\"1920\" height=\"600\" src=\"https:\/\/xs88.vin\/wp-content\/uploads\/2025\/11\/XS88-Nap-Dau.webp\" class=\"attachment-original size-original\" alt=\"\" srcset=\"https:\/\/xs88.vin\/wp-content\/uploads\/2025\/11\/XS88-Nap-Dau.webp 1920w, https:\/\/xs88.vin\/wp-content\/uploads\/2025\/11\/XS88-Nap-Dau-300x94.webp 300w, https:\/\/xs88.vin\/wp-content\/uploads\/2025\/11\/XS88-Nap-Dau-1024x320.webp 1024w, https:\/\/xs88.vin\/wp-content\/uploads\/2025\/11\/XS88-Nap-Dau-768x240.webp 768w, https:\/\/xs88.vin\/wp-content\/uploads\/2025\/11\/XS88-Nap-Dau-1536x480.webp 1536w\" sizes=\"auto, (max-width: 1920px) 100vw, 1920px\" \/>\t\t\t\t\t\t\n\t\t\t\t\t<\/div>\n\t\t\t\t\t\t<\/a>\t\t\n<style>\n#image_942817534 {\n  width: 100%;\n}\n<\/style>\n\t<\/div>\n\t\n     <\/div>\n\n     <div class=\"loading-spin dark large centered\"><\/div>\n\n\t<\/div>\n\n\n\t\t<\/div>\n\t\t\t\t\t<\/div>\n\n\t\n\n\t<div id=\"col-1292735995\" class=\"col medium-6 small-12 large-6\"  >\n\t\t\t\t<div class=\"col-inner text-center\"  >\n\t\t\t\n\t\t\t\n\t<div class=\"img has-hover x md-x lg-x y md-y lg-y\" id=\"image_1155085250\">\n\t\t\t\t\t\t\t\t<div class=\"img-inner dark\" >\n\t\t\t<img loading=\"lazy\" decoding=\"async\" width=\"1920\" height=\"600\" src=\"https:\/\/xs88.vin\/wp-content\/uploads\/2025\/11\/XS88-Tri-An.webp\" class=\"attachment-original size-original\" alt=\"\" srcset=\"https:\/\/xs88.vin\/wp-content\/uploads\/2025\/11\/XS88-Tri-An.webp 1920w, https:\/\/xs88.vin\/wp-content\/uploads\/2025\/11\/XS88-Tri-An-300x94.webp 300w, https:\/\/xs88.vin\/wp-content\/uploads\/2025\/11\/XS88-Tri-An-1024x320.webp 1024w, https:\/\/xs88.vin\/wp-content\/uploads\/2025\/11\/XS88-Tri-An-768x240.webp 768w, https:\/\/xs88.vin\/wp-content\/uploads\/2025\/11\/XS88-Tri-An-1536x480.webp 1536w\" sizes=\"auto, (max-width: 1920px) 100vw, 1920px\" \/>\t\t\t\t\t\t\n\t\t\t\t\t<\/div>\n\t\t\t\t\t\t\t\t\n<style>\n#image_1155085250 {\n  width: 100%;\n}\n<\/style>\n\t<\/div>\n\t\n\t\t<\/div>\n\t\t\t\t\t<\/div>\n\n\t\n\n\t<div id=\"col-1688315979\" class=\"col medium-6 small-12 large-6\"  >\n\t\t\t\t<div class=\"col-inner text-center\"  >\n\t\t\t\n\t\t\t\n<div class=\"row\"  id=\"row-955666989\">\n\n\t<div id=\"col-990365786\" class=\"col small-12 large-12\"  >\n\t\t\t\t<div class=\"col-inner\"  >\n\t\t\t\n\t\t\t\n<p class=\"lead\">Lorem ipsum dolor sit amet, consectetuer adipiscing elit, sed diam nonummy nibh euismod tincidunt ut laoreet dolore magna aliquam erat volutpat.<\/p>\n<a class=\"button primary is-outline box-shadow-2\"  style=\"border-radius:11px;\">\n\t\t<span>CODE XS88<\/span>\n\t<\/a>\n\n\t\t<\/div>\n\t\t\t\t\t<\/div>\n\n\t\n<\/div>\n\t\t<\/div>\n\t\t\t\t\t<\/div>\n\n\t\n\n\t<div id=\"col-615313355\" class=\"col small-12 large-12\"  >\n\t\t\t\t<div class=\"col-inner\"  >\n\t\t\t\n\t\t\t\n\t<div class=\"img has-hover x md-x lg-x y md-y lg-y\" id=\"image_504322193\">\n\t\t\t\t\t\t\t\t<div class=\"img-inner dark\" >\n\t\t\t<img loading=\"lazy\" decoding=\"async\" width=\"1920\" height=\"600\" src=\"https:\/\/xs88.vin\/wp-content\/uploads\/2025\/11\/XS88-Dang-Nhap.webp\" class=\"attachment-original size-original\" alt=\"\" srcset=\"https:\/\/xs88.vin\/wp-content\/uploads\/2025\/11\/XS88-Dang-Nhap.webp 1920w, https:\/\/xs88.vin\/wp-content\/uploads\/2025\/11\/XS88-Dang-Nhap-300x94.webp 300w, https:\/\/xs88.vin\/wp-content\/uploads\/2025\/11\/XS88-Dang-Nhap-1024x320.webp 1024w, https:\/\/xs88.vin\/wp-content\/uploads\/2025\/11\/XS88-Dang-Nhap-768x240.webp 768w, https:\/\/xs88.vin\/wp-content\/uploads\/2025\/11\/XS88-Dang-Nhap-1536x480.webp 1536w\" sizes=\"auto, (max-width: 1920px) 100vw, 1920px\" \/>\t\t\t\t\t\t\n\t\t\t\t\t<\/div>\n\t\t\t\t\t\t\t\t\n<style>\n#image_504322193 {\n  width: 100%;\n}\n<\/style>\n\t<\/div>\n\t\n\t\t<\/div>\n\t\t\t\t\t<\/div>\n\n\t\n<\/div>\n<div class=\"row align-center\"  id=\"row-689936946\">\n\n\t<div id=\"col-1416775593\" class=\"col small-12 large-12\"  >\n\t\t\t\t<div class=\"col-inner\"  >\n\t\t\t\n\t\t\t\n\t<div id=\"text-782037096\" class=\"text\">\n\t\t\n<p>39Bet \u2013 \u0110\u0103ng k\u00fd t\u00e0i kho\u1ea3n nh\u1eadn ngay 99K Free<br \/>\nGi\u1edbi thi\u1ec7u v\u1ec1 nh\u00e0 c\u00e1i 39Bet<br \/>\nTrong s\u1ed1 nh\u1eefng nh\u00e0 c\u00e1i tr\u1ef1c tuy\u1ebfn n\u1ed5i b\u1eadt t\u1ea1i Vi\u1ec7t Nam, 39Bet \u0111ang d\u1ea7n kh\u1eb3ng \u0111\u1ecbnh v\u1ecb th\u1ebf v\u1edbi h\u1ec7 th\u1ed1ng tr\u00f2 ch\u01a1i phong ph\u00fa, d\u1ecbch v\u1ee5 chuy\u00ean nghi\u1ec7p v\u00e0 ch\u00ednh s\u00e1ch khuy\u1ebfn m\u00e3i h\u1ea5p d\u1eabn. Ngay khi tham gia, ng\u01b0\u1eddi ch\u01a1i m\u1edbi s\u1ebd nh\u1eadn \u0111\u01b0\u1ee3c 39K mi\u1ec5n ph\u00ed ch\u1ec9 v\u1edbi thao t\u00e1c \u0111\u0103ng k\u00fd \u0111\u01a1n gi\u1ea3n. \u0110\u00e2y l\u00e0 c\u01a1 h\u1ed9i tuy\u1ec7t v\u1eddi \u0111\u1ec3 tr\u1ea3i nghi\u1ec7m c\u00e1c tr\u00f2 ch\u01a1i, l\u00e0m quen v\u1edbi n\u1ec1n t\u1ea3ng m\u00e0 kh\u00f4ng c\u1ea7n ph\u1ea3i \u0111\u1ea7u t\u01b0 v\u1ed1n ban \u0111\u1ea7u.<\/p>\n<p>Giao di\u1ec7n c\u1ee7a 39Bet \u0111\u01b0\u1ee3c thi\u1ebft k\u1ebf hi\u1ec7n \u0111\u1ea1i, t\u1ed1i \u01b0u h\u00f3a cho c\u1ea3 m\u00e1y t\u00ednh v\u00e0 \u0111i\u1ec7n tho\u1ea1i di \u0111\u1ed9ng. H\u1ec7 th\u1ed1ng b\u1ea3o m\u1eadt \u0111\u01b0\u1ee3c \u00e1p d\u1ee5ng c\u00f4ng ngh\u1ec7 SSL, k\u1ebft h\u1ee3p c\u00f9ng quy tr\u00ecnh x\u00e1c th\u1ef1c an to\u00e0n gi\u00fap ng\u01b0\u1eddi ch\u01a1i y\u00ean t\u00e2m tuy\u1ec7t \u0111\u1ed1i trong m\u1ecdi giao d\u1ecbch. B\u00ean c\u1ea1nh \u0111\u00f3, t\u1ed1c \u0111\u1ed9 n\u1ea1p \u2013 r\u00fat ti\u1ec1n si\u00eau nhanh c\u0169ng l\u00e0 m\u1ed9t trong nh\u1eefng \u0111i\u1ec3m c\u1ed9ng l\u1edbn khi\u1ebfn 39Bet com \u0111\u01b0\u1ee3c nhi\u1ec1u game th\u1ee7 l\u1ef1a ch\u1ecdn.<\/p>\n<p>39bet com<br \/>\n39Bet com \u2013 Th\u01b0\u1edfng Ti\u1ec1n B\u00ed \u1ea8n \u0110\u1ebfn 1000 T\u1ef7<br \/>\n\u01afu \u0111i\u1ec3m n\u1ed5i b\u1eadt c\u1ee7a 39Bet<br \/>\n39Bet \u0111\u01b0\u1ee3c \u0111\u00e1nh gi\u00e1 l\u00e0 m\u1ed9t trong nh\u1eefng nh\u00e0 c\u00e1i tr\u1ef1c tuy\u1ebfn uy t\u00edn nh\u1edd s\u1edf h\u1eefu giao di\u1ec7n ti\u1ebfng Vi\u1ec7t th\u00e2n thi\u1ec7n, d\u1ec5 thao t\u00e1c cho c\u1ea3 ng\u01b0\u1eddi m\u1edbi l\u1eabn ng\u01b0\u1eddi ch\u01a1i l\u00e2u n\u0103m. H\u1ec7 th\u1ed1ng \u0111\u01b0\u1ee3c x\u00e2y d\u1ef1ng tr\u00ean n\u1ec1n t\u1ea3ng c\u00f4ng ngh\u1ec7 hi\u1ec7n \u0111\u1ea1i, t\u00edch h\u1ee3p nhi\u1ec1u l\u1edbp b\u1ea3o m\u1eadt gi\u00fap b\u1ea3o v\u1ec7 tuy\u1ec7t \u0111\u1ed1i t\u00e0i kho\u1ea3n v\u00e0 th\u00f4ng tin c\u00e1 nh\u00e2n. Ngo\u00e0i ra, t\u1ed1c \u0111\u1ed9 x\u1eed l\u00fd giao d\u1ecbch t\u1ea1i 39Bet c\u0169ng r\u1ea5t nhanh, ch\u1ec9 m\u1ea5t v\u00e0i ph\u00fat \u0111\u1ec3 n\u1ea1p ho\u1eb7c r\u00fat ti\u1ec1n. N\u1ec1n t\u1ea3ng c\u00f2n h\u1ed7 tr\u1ee3 \u0111a d\u1ea1ng thi\u1ebft b\u1ecb t\u1eeb m\u00e1y t\u00ednh, \u0111i\u1ec7n tho\u1ea1i Android cho \u0111\u1ebfn iOS, mang l\u1ea1i tr\u1ea3i nghi\u1ec7m m\u01b0\u1ee3t m\u00e0 v\u00e0 ti\u1ec7n l\u1ee3i \u1edf m\u1ecdi n\u01a1i.<\/p>\n<p>C\u00e1c tr\u00f2 ch\u01a1i h\u1ea5p d\u1eabn t\u1ea1i 39Bet<br \/>\nKhi tham gia 39Bet, ng\u01b0\u1eddi ch\u01a1i s\u1ebd \u0111\u01b0\u1ee3c tr\u1ea3i nghi\u1ec7m kho tr\u00f2 ch\u01a1i c\u1ef1c k\u1ef3 phong ph\u00fa. Game b\u00e0i truy\u1ec1n th\u1ed1ng nh\u01b0 ti\u1ebfn l\u00ean mi\u1ec1n Nam, ph\u1ecfm, m\u1eadu binh, li\u00eang hay s\u00e2m l\u1ed1c \u0111\u1ec1u \u0111\u01b0\u1ee3c x\u00e2y d\u1ef1ng chu\u1ea9n lu\u1eadt, d\u1ec5 hi\u1ec3u v\u00e0 d\u1ec5 ch\u01a1i. B\u00ean c\u1ea1nh \u0111\u00f3, casino tr\u1ef1c tuy\u1ebfn v\u1edbi c\u00e1c tr\u00f2 baccarat, roulette, poker hay blackjack mang \u0111\u1ebfn c\u1ea3m gi\u00e1c ch\u00e2n th\u1ef1c nh\u1edd dealer chia b\u00e0i tr\u1ef1c ti\u1ebfp qua livestream. Slot game t\u1ea1i 39Bet com c\u0169ng r\u1ea5t \u0111a d\u1ea1ng v\u1edbi h\u00e0ng tr\u0103m ch\u1ee7 \u0111\u1ec1 kh\u00e1c nhau, t\u1ef7 l\u1ec7 n\u1ed5 h\u0169 cao v\u00e0 hi\u1ec7u \u1ee9ng b\u1eaft m\u1eaft. Ngo\u00e0i ra, tr\u00f2 ch\u01a1i b\u1eafn c\u00e1 3D s\u1ed1ng \u0111\u1ed9ng c\u00f9ng h\u1ec7 th\u1ed1ng c\u00e1 c\u01b0\u1ee3c th\u1ec3 thao phong ph\u00fa t\u1eeb b\u00f3ng \u0111\u00e1, b\u00f3ng r\u1ed5, tennis cho \u0111\u1ebfn eSports gi\u00fap ng\u01b0\u1eddi ch\u01a1i c\u00f3 th\u00eam nhi\u1ec1u l\u1ef1a ch\u1ecdn gi\u1ea3i tr\u00ed h\u1ea5p d\u1eabn.<\/p>\n<p>Khuy\u1ebfn m\u00e3i \u0111\u1eb7c bi\u1ec7t t\u1ea1i 39Bet<br \/>\n\u0110\u0103ng k\u00fd t\u00e0i kho\u1ea3n m\u1edbi nh\u1eadn ngay 99K Free \u0111\u1ec3 tr\u1ea3i nghi\u1ec7m kh\u00f4ng r\u1ee7i ro.<\/p>\n<p>Th\u01b0\u1edfng n\u1ea1p l\u1ea7n \u0111\u1ea7u l\u00ean \u0111\u1ebfn 200% gi\u00e1 tr\u1ecb n\u1ea1p.<\/p>\n<p>Ho\u00e0n ti\u1ec1n h\u00e0ng tu\u1ea7n cho t\u1ea5t c\u1ea3 th\u00e0nh vi\u00ean, t\u1ef7 l\u1ec7 ho\u00e0n cao.<\/p>\n<p>S\u1ef1 ki\u1ec7n \u0111ua top v\u1edbi gi\u1ea3i th\u01b0\u1edfng ti\u1ec1n m\u1eb7t v\u00e0 qu\u00e0 t\u1eb7ng gi\u00e1 tr\u1ecb.<\/p>\n<p>Giftcode \u0111\u1ecbnh k\u1ef3, v\u00f2ng quay may m\u1eafn mi\u1ec5n ph\u00ed cho ng\u01b0\u1eddi ch\u01a1i trung th\u00e0nh.<\/p>\n<p>39bet com<br \/>\n39Bet com \u2013 Ti\u1ec1n Th\u01b0\u1edfng L\u00ean \u0110\u1ebfn 58.888K<br \/>\nH\u01b0\u1edbng d\u1eabn \u0111\u0103ng k\u00fd nh\u1eadn 39K Free t\u1ea1i 39Bet<br \/>\nTruy c\u1eadp website ch\u00ednh th\u1ee9c ho\u1eb7c app 39Bet tr\u00ean di \u0111\u1ed9ng.<\/p>\n<p>Nh\u1ea5n ch\u1ecdn \u201c\u0110\u0103ng k\u00fd\u201d v\u00e0 \u0111i\u1ec1n th\u00f4ng tin c\u01a1 b\u1ea3n: t\u00ean \u0111\u0103ng nh\u1eadp, m\u1eadt kh\u1ea9u, s\u1ed1 \u0111i\u1ec7n tho\u1ea1i.<\/p>\n<p>X\u00e1c minh s\u1ed1 \u0111i\u1ec7n tho\u1ea1i ho\u1eb7c email \u0111\u1ec3 k\u00edch ho\u1ea1t t\u00e0i kho\u1ea3n.<\/p>\n<p>Sau khi ho\u00e0n t\u1ea5t, h\u1ec7 th\u1ed1ng s\u1ebd t\u1ef1 \u0111\u1ed9ng c\u1ed9ng 39K Free v\u00e0o v\u00ed c\u1ee7a b\u1ea1n.<\/p>\n<p>B\u1eaft \u0111\u1ea7u tr\u1ea3i nghi\u1ec7m ngay c\u00e1c tr\u00f2 ch\u01a1i y\u00eau th\u00edch t\u1ea1i 39Bet.<\/p>\n<p>K\u1ebft lu\u1eadn<br \/>\n39Bet l\u00e0 nh\u00e0 c\u00e1i tr\u1ef1c tuy\u1ebfn uy t\u00edn, an to\u00e0n v\u00e0 th\u00e2n thi\u1ec7n v\u1edbi ng\u01b0\u1eddi ch\u01a1i. Ch\u00ednh s\u00e1ch \u0111\u0103ng k\u00fd nh\u1eadn 99K Free gi\u00fap t\u00e2n th\u1ee7 d\u1ec5 d\u00e0ng ti\u1ebfp c\u1eadn v\u00e0 tr\u1ea3i nghi\u1ec7m ngay l\u1eadp t\u1ee9c m\u00e0 kh\u00f4ng c\u1ea7n v\u1ed1n ban \u0111\u1ea7u. V\u1edbi kho game phong ph\u00fa, khuy\u1ebfn m\u00e3i \u0111a d\u1ea1ng v\u00e0 giao d\u1ecbch nhanh ch\u00f3ng, 39Bet x\u1ee9ng \u0111\u00e1ng l\u00e0 s\u1ef1 l\u1ef1a ch\u1ecdn ho\u00e0n h\u1ea3o cho nh\u1eefng ai y\u00eau th\u00edch c\u00e1 c\u01b0\u1ee3c tr\u1ef1c tuy\u1ebfn.<\/p>\n\t\t\n<style>\n#text-782037096 {\n  text-align: left;\n  color: rgb(255,255,255);\n}\n#text-782037096 > * {\n  color: rgb(255,255,255);\n}\n<\/style>\n\t<\/div>\n\t\n\t\t<\/div>\n\t\t\t\t\t<\/div>\n\n\t\n<\/div>\n<div class=\"row\"  id=\"row-1672378680\">\n\n\t<div id=\"col-1171108236\" class=\"col medium-4 small-12 large-4\"  >\n\t\t\t\t<div class=\"col-inner\"  >\n\t\t\t\n\t\t\t\n<p>Lorem ipsum dolor sit amet, consectetuer adipiscing elit, sed diam nonummy nibh euismod tincidunt ut laoreet dolore magna aliquam erat volutpat.<\/p>\n\t<div class=\"img has-hover x md-x lg-x y md-y lg-y\" id=\"image_1926368958\">\n\t\t\t\t\t\t\t\t<div class=\"img-inner dark\" >\n\t\t\t<img loading=\"lazy\" decoding=\"async\" width=\"1920\" height=\"600\" src=\"https:\/\/xs88.vin\/wp-content\/uploads\/2025\/11\/XS88-Thuong-100_.webp\" class=\"attachment-original size-original\" alt=\"\" srcset=\"https:\/\/xs88.vin\/wp-content\/uploads\/2025\/11\/XS88-Thuong-100_.webp 1920w, https:\/\/xs88.vin\/wp-content\/uploads\/2025\/11\/XS88-Thuong-100_-300x94.webp 300w, https:\/\/xs88.vin\/wp-content\/uploads\/2025\/11\/XS88-Thuong-100_-1024x320.webp 1024w, https:\/\/xs88.vin\/wp-content\/uploads\/2025\/11\/XS88-Thuong-100_-768x240.webp 768w, https:\/\/xs88.vin\/wp-content\/uploads\/2025\/11\/XS88-Thuong-100_-1536x480.webp 1536w\" sizes=\"auto, (max-width: 1920px) 100vw, 1920px\" \/>\t\t\t\t\t\t\n\t\t\t\t\t<\/div>\n\t\t\t\t\t\t\t\t\n<style>\n#image_1926368958 {\n  width: 100%;\n}\n<\/style>\n\t<\/div>\n\t\n\t\t<\/div>\n\t\t\t\t\t<\/div>\n\n\t\n\n\t<div id=\"col-947257972\" class=\"col medium-4 small-12 large-4\"  >\n\t\t\t\t<div class=\"col-inner\"  >\n\t\t\t\n\t\t\t\n<p>Lorem ipsum dolor sit amet, consectetuer adipiscing elit, sed diam nonummy nibh euismod tincidunt ut laoreet dolore magna aliquam erat volutpat.<\/p>\n\t<div class=\"img has-hover x md-x lg-x y md-y lg-y\" id=\"image_934797221\">\n\t\t\t\t\t\t\t\t<div class=\"img-inner dark\" >\n\t\t\t<img loading=\"lazy\" decoding=\"async\" width=\"1920\" height=\"600\" src=\"https:\/\/xs88.vin\/wp-content\/uploads\/2025\/11\/XS88-Thuong-100_.webp\" class=\"attachment-original size-original\" alt=\"\" srcset=\"https:\/\/xs88.vin\/wp-content\/uploads\/2025\/11\/XS88-Thuong-100_.webp 1920w, https:\/\/xs88.vin\/wp-content\/uploads\/2025\/11\/XS88-Thuong-100_-300x94.webp 300w, https:\/\/xs88.vin\/wp-content\/uploads\/2025\/11\/XS88-Thuong-100_-1024x320.webp 1024w, https:\/\/xs88.vin\/wp-content\/uploads\/2025\/11\/XS88-Thuong-100_-768x240.webp 768w, https:\/\/xs88.vin\/wp-content\/uploads\/2025\/11\/XS88-Thuong-100_-1536x480.webp 1536w\" sizes=\"auto, (max-width: 1920px) 100vw, 1920px\" \/>\t\t\t\t\t\t\n\t\t\t\t\t<\/div>\n\t\t\t\t\t\t\t\t\n<style>\n#image_934797221 {\n  width: 100%;\n}\n<\/style>\n\t<\/div>\n\t\n\t\t<\/div>\n\t\t\t\t\t<\/div>\n\n\t\n\n\t<div id=\"col-967888135\" class=\"col medium-4 small-12 large-4\"  >\n\t\t\t\t<div class=\"col-inner\"  >\n\t\t\t\n\t\t\t\n<p>Lorem ipsum dolor sit amet, consectetuer adipiscing elit, sed diam nonummy nibh euismod tincidunt ut laoreet dolore magna aliquam erat volutpat.<\/p>\n\t<div class=\"img has-hover x md-x lg-x y md-y lg-y\" id=\"image_638068152\">\n\t\t\t\t\t\t\t\t<div class=\"img-inner dark\" >\n\t\t\t<img loading=\"lazy\" decoding=\"async\" width=\"1920\" height=\"600\" src=\"https:\/\/xs88.vin\/wp-content\/uploads\/2025\/11\/XS88-Thuong-100_.webp\" class=\"attachment-original size-original\" alt=\"\" srcset=\"https:\/\/xs88.vin\/wp-content\/uploads\/2025\/11\/XS88-Thuong-100_.webp 1920w, https:\/\/xs88.vin\/wp-content\/uploads\/2025\/11\/XS88-Thuong-100_-300x94.webp 300w, https:\/\/xs88.vin\/wp-content\/uploads\/2025\/11\/XS88-Thuong-100_-1024x320.webp 1024w, https:\/\/xs88.vin\/wp-content\/uploads\/2025\/11\/XS88-Thuong-100_-768x240.webp 768w, https:\/\/xs88.vin\/wp-content\/uploads\/2025\/11\/XS88-Thuong-100_-1536x480.webp 1536w\" sizes=\"auto, (max-width: 1920px) 100vw, 1920px\" \/>\t\t\t\t\t\t\n\t\t\t\t\t<\/div>\n\t\t\t\t\t\t\t\t\n<style>\n#image_638068152 {\n  width: 100%;\n}\n<\/style>\n\t<\/div>\n\t\n\t\t<\/div>\n\t\t\t\t\t<\/div>\n\n\t\n<\/div>\n","protected":false},"excerpt":{"rendered":"","protected":false},"author":1,"featured_media":58,"parent":0,"menu_order":0,"comment_status":"closed","ping_status":"closed","template":"","meta":{"footnotes":""},"class_list":["post-62","page","type-page","status-publish","has-post-thumbnail","hentry"],"_links":{"self":[{"href":"https:\/\/xs88.vin\/index.php?rest_route=\/wp\/v2\/pages\/62","targetHints":{"allow":["GET"]}}],"collection":[{"href":"https:\/\/xs88.vin\/index.php?rest_route=\/wp\/v2\/pages"}],"about":[{"href":"https:\/\/xs88.vin\/index.php?rest_route=\/wp\/v2\/types\/page"}],"author":[{"embeddable":true,"href":"https:\/\/xs88.vin\/index.php?rest_route=\/wp\/v2\/users\/1"}],"replies":[{"embeddable":true,"href":"https:\/\/xs88.vin\/index.php?rest_route=%2Fwp%2Fv2%2Fcomments&post=62"}],"version-history":[{"count":14,"href":"https:\/\/xs88.vin\/index.php?rest_route=\/wp\/v2\/pages\/62\/revisions"}],"predecessor-version":[{"id":78,"href":"https:\/\/xs88.vin\/index.php?rest_route=\/wp\/v2\/pages\/62\/revisions\/78"}],"wp:featuredmedia":[{"embeddable":true,"href":"https:\/\/xs88.vin\/index.php?rest_route=\/wp\/v2\/media\/58"}],"wp:attachment":[{"href":"https:\/\/xs88.vin\/index.php?rest_route=%2Fwp%2Fv2%2Fmedia&parent=62"}],"curies":[{"name":"wp","href":"https:\/\/api.w.org\/{rel}","templated":true}]}}